{"id":8,"date":"2022-12-19T08:46:44","date_gmt":"2022-12-19T08:46:44","guid":{"rendered":"https:\/\/www.liman.biz.tr\/?page_id=8"},"modified":"2022-12-19T08:46:44","modified_gmt":"2022-12-19T08:46:44","slug":"hakkimizda","status":"publish","type":"page","link":"https:\/\/www.liman.biz.tr\/index.php\/hakkimizda\/","title":{"rendered":"Hakk\u0131m\u0131zda"},"content":{"rendered":"\n<p>Kendini ve i\u015flerini tan\u0131tmak isteyen bir sanat\u00e7\u0131 olabilece\u011finiz gibi misyonunu a\u00e7\u0131klamak isteyen bir firma da olabilirsiniz.<\/p>\n","protected":false},"excerpt":{"rendered":"<p>Kendini ve i\u015flerini tan\u0131tmak isteyen bir sanat\u00e7\u0131 olabilece\u011finiz gibi misyonunu a\u00e7\u0131klamak isteyen bir firma da olabilirsiniz.<\/p>\n","protected":false},"author":1,"featured_media":0,"parent":0,"menu_order":0,"comment_status":"closed","ping_status":"closed","template":"","meta":{"footnotes":""},"class_list":["post-8","page","type-page","status-publish","hentry"],"_links":{"self":[{"href":"https:\/\/www.liman.biz.tr\/index.php\/wp-json\/wp\/v2\/pages\/8","targetHints":{"allow":["GET"]}}],"collection":[{"href":"https:\/\/www.liman.biz.tr\/index.php\/wp-json\/wp\/v2\/pages"}],"about":[{"href":"https:\/\/www.liman.biz.tr\/index.php\/wp-json\/wp\/v2\/types\/page"}],"author":[{"embeddable":true,"href":"https:\/\/www.liman.biz.tr\/index.php\/wp-json\/wp\/v2\/users\/1"}],"replies":[{"embeddable":true,"href":"https:\/\/www.liman.biz.tr\/index.php\/wp-json\/wp\/v2\/comments?post=8"}],"version-history":[{"count":1,"href":"https:\/\/www.liman.biz.tr\/index.php\/wp-json\/wp\/v2\/pages\/8\/revisions"}],"predecessor-version":[{"id":14,"href":"https:\/\/www.liman.biz.tr\/index.php\/wp-json\/wp\/v2\/pages\/8\/revisions\/14"}],"wp:attachment":[{"href":"https:\/\/www.liman.biz.tr\/index.php\/wp-json\/wp\/v2\/media?parent=8"}],"curies":[{"name":"wp","href":"https:\/\/api.w.org\/{rel}","templated":true}]}}